{"id":462,"date":"2024-08-16T13:51:31","date_gmt":"2024-08-16T11:51:31","guid":{"rendered":"https:\/\/beta.mentedespierta.es\/?post_type=product&#038;p=462"},"modified":"2025-02-28T17:37:01","modified_gmt":"2025-02-28T16:37:01","slug":"retiromindfulnessmarzo","status":"publish","type":"product","link":"https:\/\/mentedespierta.es\/en\/product\/retiromindfulnessmarzo\/","title":{"rendered":"RETIRO DE MINDFULNESS"},"content":{"rendered":"<h1 style=\"text-align: center;\"><a href=\"https:\/\/mentedespierta.my.canva.site\/retiro-de-mindfulness\">RETIRO DE MINDFULNESS DE MARZO<\/a><\/h1>\n<p>Pincha en el t\u00edtulo y podr\u00e1s acceder a toda la informaci\u00f3n del Retiro.<\/p>","protected":false},"excerpt":{"rendered":"<p>Retiro de Mindfulness el fin de semana del 22 al 23 de Marzo.<\/p>\n<p>Realizaremos un peque\u00f1o viaje a nuestro interior con el fin de realizar un Detox mental, liberar el estr\u00e9s, relajarnos y equilibrar nuestra energ\u00eda. Todo ello a trav\u00e9s de diferentes pr\u00e1cticas de mindfulness, meditaci\u00f3n y de crecimiento personal para ganar en bienestar.<\/p>\n<p>\u00abEl verdadero viaje de descubrimiento no consiste en buscar nuevos paisajes, sino en tener nuevos ojos\u00bb Marcel Proust.<\/p>","protected":false},"featured_media":1172,"template":"","meta":{"h5ap_radio_sources":[],"_joinchat":[]},"product_brand":[],"product_cat":[32],"product_tag":[],"class_list":{"0":"post-462","1":"product","2":"type-product","3":"status-publish","4":"has-post-thumbnail","6":"product_cat-retiros","8":"first","9":"instock","10":"downloadable","11":"virtual","12":"taxable","13":"purchasable","14":"product-type-simple"},"yoast_head":"<!-- This site is optimized with the Yoast SEO plugin v27.3 - https:\/\/yoast.com\/product\/yoast-seo-wordpress\/ -->\n<title>RETIRO DE MINDFULNESS - Mente Despierta<\/title>\n<meta name=\"robots\" content=\"index, follow, max-snippet:-1, max-image-preview:large, max-video-preview:-1\" \/>\n<link rel=\"canonical\" href=\"https:\/\/mentedespierta.es\/en\/product\/retiromindfulnessmarzo\/\" \/>\n<meta property=\"og:locale\" content=\"en_GB\" \/>\n<meta property=\"og:type\" content=\"article\" \/>\n<meta property=\"og:title\" content=\"RETIRO DE MINDFULNESS - Mente Despierta\" \/>\n<meta property=\"og:description\" content=\"Retiro de Mindfulness el fin de semana del 22 al 23 de Marzo.  Realizaremos un peque\u00f1o viaje a nuestro interior con el fin de realizar un Detox mental, liberar el estr\u00e9s, relajarnos y equilibrar nuestra energ\u00eda. Todo ello a trav\u00e9s de diferentes pr\u00e1cticas de mindfulness, meditaci\u00f3n y de crecimiento personal para ganar en bienestar.  &quot;El verdadero viaje de descubrimiento no consiste en buscar nuevos paisajes, sino en tener nuevos ojos&quot; Marcel Proust.\" \/>\n<meta property=\"og:url\" content=\"https:\/\/mentedespierta.es\/en\/product\/retiromindfulnessmarzo\/\" \/>\n<meta property=\"og:site_name\" content=\"Mente Despierta\" \/>\n<meta property=\"article:modified_time\" content=\"2025-02-28T16:37:01+00:00\" \/>\n<meta property=\"og:image\" content=\"https:\/\/mentedespierta.es\/wp-content\/uploads\/2024\/08\/5-819x1024.png\" \/>\n\t<meta property=\"og:image:width\" content=\"819\" \/>\n\t<meta property=\"og:image:height\" content=\"1024\" \/>\n\t<meta property=\"og:image:type\" content=\"image\/png\" \/>\n<meta name=\"twitter:card\" content=\"summary_large_image\" \/>\n<meta name=\"twitter:label1\" content=\"Estimated reading time\" \/>\n\t<meta name=\"twitter:data1\" content=\"1 minute\" \/>\n<script type=\"application\/ld+json\" class=\"yoast-schema-graph\">{\"@context\":\"https:\\\/\\\/schema.org\",\"@graph\":[{\"@type\":\"WebPage\",\"@id\":\"https:\\\/\\\/mentedespierta.es\\\/producto\\\/retiromindfulnessmarzo\\\/\",\"url\":\"https:\\\/\\\/mentedespierta.es\\\/producto\\\/retiromindfulnessmarzo\\\/\",\"name\":\"RETIRO DE MINDFULNESS - Mente Despierta\",\"isPartOf\":{\"@id\":\"https:\\\/\\\/mentedespierta.es\\\/#website\"},\"primaryImageOfPage\":{\"@id\":\"https:\\\/\\\/mentedespierta.es\\\/producto\\\/retiromindfulnessmarzo\\\/#primaryimage\"},\"image\":{\"@id\":\"https:\\\/\\\/mentedespierta.es\\\/producto\\\/retiromindfulnessmarzo\\\/#primaryimage\"},\"thumbnailUrl\":\"https:\\\/\\\/mentedespierta.es\\\/wp-content\\\/uploads\\\/2024\\\/08\\\/5.png\",\"datePublished\":\"2024-08-16T11:51:31+00:00\",\"dateModified\":\"2025-02-28T16:37:01+00:00\",\"breadcrumb\":{\"@id\":\"https:\\\/\\\/mentedespierta.es\\\/producto\\\/retiromindfulnessmarzo\\\/#breadcrumb\"},\"inLanguage\":\"en-GB\",\"potentialAction\":[{\"@type\":\"ReadAction\",\"target\":[\"https:\\\/\\\/mentedespierta.es\\\/producto\\\/retiromindfulnessmarzo\\\/\"]}]},{\"@type\":\"ImageObject\",\"inLanguage\":\"en-GB\",\"@id\":\"https:\\\/\\\/mentedespierta.es\\\/producto\\\/retiromindfulnessmarzo\\\/#primaryimage\",\"url\":\"https:\\\/\\\/mentedespierta.es\\\/wp-content\\\/uploads\\\/2024\\\/08\\\/5.png\",\"contentUrl\":\"https:\\\/\\\/mentedespierta.es\\\/wp-content\\\/uploads\\\/2024\\\/08\\\/5.png\",\"width\":1080,\"height\":1350},{\"@type\":\"BreadcrumbList\",\"@id\":\"https:\\\/\\\/mentedespierta.es\\\/producto\\\/retiromindfulnessmarzo\\\/#breadcrumb\",\"itemListElement\":[{\"@type\":\"ListItem\",\"position\":1,\"name\":\"Portada\",\"item\":\"https:\\\/\\\/mentedespierta.es\\\/\"},{\"@type\":\"ListItem\",\"position\":2,\"name\":\"Tienda\",\"item\":\"https:\\\/\\\/mentedespierta.es\\\/tienda\\\/\"},{\"@type\":\"ListItem\",\"position\":3,\"name\":\"RETIRO DE MINDFULNESS\"}]},{\"@type\":\"WebSite\",\"@id\":\"https:\\\/\\\/mentedespierta.es\\\/#website\",\"url\":\"https:\\\/\\\/mentedespierta.es\\\/\",\"name\":\"Mente Despierta\",\"description\":\"Gabinete Psicopedag\u00f3gico y Terapias Alternativas en Palencia\",\"publisher\":{\"@id\":\"https:\\\/\\\/mentedespierta.es\\\/#organization\"},\"potentialAction\":[{\"@type\":\"SearchAction\",\"target\":{\"@type\":\"EntryPoint\",\"urlTemplate\":\"https:\\\/\\\/mentedespierta.es\\\/?s={search_term_string}\"},\"query-input\":{\"@type\":\"PropertyValueSpecification\",\"valueRequired\":true,\"valueName\":\"search_term_string\"}}],\"inLanguage\":\"en-GB\"},{\"@type\":\"Organization\",\"@id\":\"https:\\\/\\\/mentedespierta.es\\\/#organization\",\"name\":\"Mente Despierta\",\"url\":\"https:\\\/\\\/mentedespierta.es\\\/\",\"logo\":{\"@type\":\"ImageObject\",\"inLanguage\":\"en-GB\",\"@id\":\"https:\\\/\\\/mentedespierta.es\\\/#\\\/schema\\\/logo\\\/image\\\/\",\"url\":\"https:\\\/\\\/mentedespierta.es\\\/wp-content\\\/uploads\\\/2024\\\/08\\\/logo-final-1.png\",\"contentUrl\":\"https:\\\/\\\/mentedespierta.es\\\/wp-content\\\/uploads\\\/2024\\\/08\\\/logo-final-1.png\",\"width\":1000,\"height\":1590,\"caption\":\"Mente Despierta\"},\"image\":{\"@id\":\"https:\\\/\\\/mentedespierta.es\\\/#\\\/schema\\\/logo\\\/image\\\/\"}}]}<\/script>\n<!-- \/ Yoast SEO plugin. -->","yoast_head_json":{"title":"RETIRO DE MINDFULNESS - Mente Despierta","robots":{"index":"index","follow":"follow","max-snippet":"max-snippet:-1","max-image-preview":"max-image-preview:large","max-video-preview":"max-video-preview:-1"},"canonical":"https:\/\/mentedespierta.es\/en\/product\/retiromindfulnessmarzo\/","og_locale":"en_GB","og_type":"article","og_title":"RETIRO DE MINDFULNESS - Mente Despierta","og_description":"Retiro de Mindfulness el fin de semana del 22 al 23 de Marzo.  Realizaremos un peque\u00f1o viaje a nuestro interior con el fin de realizar un Detox mental, liberar el estr\u00e9s, relajarnos y equilibrar nuestra energ\u00eda. Todo ello a trav\u00e9s de diferentes pr\u00e1cticas de mindfulness, meditaci\u00f3n y de crecimiento personal para ganar en bienestar.  \"El verdadero viaje de descubrimiento no consiste en buscar nuevos paisajes, sino en tener nuevos ojos\" Marcel Proust.","og_url":"https:\/\/mentedespierta.es\/en\/product\/retiromindfulnessmarzo\/","og_site_name":"Mente Despierta","article_modified_time":"2025-02-28T16:37:01+00:00","og_image":[{"width":819,"height":1024,"url":"https:\/\/mentedespierta.es\/wp-content\/uploads\/2024\/08\/5-819x1024.png","type":"image\/png"}],"twitter_card":"summary_large_image","twitter_misc":{"Estimated reading time":"1 minute"},"schema":{"@context":"https:\/\/schema.org","@graph":[{"@type":"WebPage","@id":"https:\/\/mentedespierta.es\/producto\/retiromindfulnessmarzo\/","url":"https:\/\/mentedespierta.es\/producto\/retiromindfulnessmarzo\/","name":"RETIRO DE MINDFULNESS - Mente Despierta","isPartOf":{"@id":"https:\/\/mentedespierta.es\/#website"},"primaryImageOfPage":{"@id":"https:\/\/mentedespierta.es\/producto\/retiromindfulnessmarzo\/#primaryimage"},"image":{"@id":"https:\/\/mentedespierta.es\/producto\/retiromindfulnessmarzo\/#primaryimage"},"thumbnailUrl":"https:\/\/mentedespierta.es\/wp-content\/uploads\/2024\/08\/5.png","datePublished":"2024-08-16T11:51:31+00:00","dateModified":"2025-02-28T16:37:01+00:00","breadcrumb":{"@id":"https:\/\/mentedespierta.es\/producto\/retiromindfulnessmarzo\/#breadcrumb"},"inLanguage":"en-GB","potentialAction":[{"@type":"ReadAction","target":["https:\/\/mentedespierta.es\/producto\/retiromindfulnessmarzo\/"]}]},{"@type":"ImageObject","inLanguage":"en-GB","@id":"https:\/\/mentedespierta.es\/producto\/retiromindfulnessmarzo\/#primaryimage","url":"https:\/\/mentedespierta.es\/wp-content\/uploads\/2024\/08\/5.png","contentUrl":"https:\/\/mentedespierta.es\/wp-content\/uploads\/2024\/08\/5.png","width":1080,"height":1350},{"@type":"BreadcrumbList","@id":"https:\/\/mentedespierta.es\/producto\/retiromindfulnessmarzo\/#breadcrumb","itemListElement":[{"@type":"ListItem","position":1,"name":"Portada","item":"https:\/\/mentedespierta.es\/"},{"@type":"ListItem","position":2,"name":"Tienda","item":"https:\/\/mentedespierta.es\/tienda\/"},{"@type":"ListItem","position":3,"name":"RETIRO DE MINDFULNESS"}]},{"@type":"WebSite","@id":"https:\/\/mentedespierta.es\/#website","url":"https:\/\/mentedespierta.es\/","name":"Mente Despierta","description":"Gabinete Psicopedag\u00f3gico y Terapias Alternativas en Palencia","publisher":{"@id":"https:\/\/mentedespierta.es\/#organization"},"potentialAction":[{"@type":"SearchAction","target":{"@type":"EntryPoint","urlTemplate":"https:\/\/mentedespierta.es\/?s={search_term_string}"},"query-input":{"@type":"PropertyValueSpecification","valueRequired":true,"valueName":"search_term_string"}}],"inLanguage":"en-GB"},{"@type":"Organization","@id":"https:\/\/mentedespierta.es\/#organization","name":"Mente Despierta","url":"https:\/\/mentedespierta.es\/","logo":{"@type":"ImageObject","inLanguage":"en-GB","@id":"https:\/\/mentedespierta.es\/#\/schema\/logo\/image\/","url":"https:\/\/mentedespierta.es\/wp-content\/uploads\/2024\/08\/logo-final-1.png","contentUrl":"https:\/\/mentedespierta.es\/wp-content\/uploads\/2024\/08\/logo-final-1.png","width":1000,"height":1590,"caption":"Mente Despierta"},"image":{"@id":"https:\/\/mentedespierta.es\/#\/schema\/logo\/image\/"}}]}},"_links":{"self":[{"href":"https:\/\/mentedespierta.es\/en\/wp-json\/wp\/v2\/product\/462","targetHints":{"allow":["GET"]}}],"collection":[{"href":"https:\/\/mentedespierta.es\/en\/wp-json\/wp\/v2\/product"}],"about":[{"href":"https:\/\/mentedespierta.es\/en\/wp-json\/wp\/v2\/types\/product"}],"wp:featuredmedia":[{"embeddable":true,"href":"https:\/\/mentedespierta.es\/en\/wp-json\/wp\/v2\/media\/1172"}],"wp:attachment":[{"href":"https:\/\/mentedespierta.es\/en\/wp-json\/wp\/v2\/media?parent=462"}],"wp:term":[{"taxonomy":"product_brand","embeddable":true,"href":"https:\/\/mentedespierta.es\/en\/wp-json\/wp\/v2\/product_brand?post=462"},{"taxonomy":"product_cat","embeddable":true,"href":"https:\/\/mentedespierta.es\/en\/wp-json\/wp\/v2\/product_cat?post=462"},{"taxonomy":"product_tag","embeddable":true,"href":"https:\/\/mentedespierta.es\/en\/wp-json\/wp\/v2\/product_tag?post=462"}],"curies":[{"name":"wp","href":"https:\/\/api.w.org\/{rel}","templated":true}]}}