{"id":231,"date":"2024-08-06T21:19:25","date_gmt":"2024-08-06T19:19:25","guid":{"rendered":"https:\/\/beta.mentedespierta.es\/?post_type=product&#038;p=231"},"modified":"2024-08-30T09:59:38","modified_gmt":"2024-08-30T07:59:38","slug":"mi-gran-tesoro","status":"publish","type":"product","link":"https:\/\/mentedespierta.es\/en\/product\/mi-gran-tesoro\/","title":{"rendered":"My Great Treasure"},"content":{"rendered":"<p>Educational story that helps children and adults to harmonize our thoughts, emotions and our behavior. All this through three characters that speak inside us, including activities and practical games.<\/p>","protected":false},"excerpt":{"rendered":"<p>Educational story that helps children and adults to harmonize our thoughts, emotions and our behavior. All this through three characters that speak inside us, including activities and practical games.<\/p>","protected":false},"featured_media":232,"template":"","meta":{"h5ap_radio_sources":[],"_joinchat":[]},"product_brand":[],"product_cat":[27],"product_tag":[],"class_list":{"0":"post-231","1":"product","2":"type-product","3":"status-publish","4":"has-post-thumbnail","6":"product_cat-productos","8":"first","9":"instock","10":"sale","11":"taxable","12":"shipping-taxable","13":"purchasable","14":"product-type-simple"},"yoast_head":"<!-- This site is optimized with the Yoast SEO plugin v27.5 - https:\/\/yoast.com\/product\/yoast-seo-wordpress\/ -->\n<title>Mi Gran Tesoro - Mente Despierta<\/title>\n<meta name=\"robots\" content=\"index, follow, max-snippet:-1, max-image-preview:large, max-video-preview:-1\" \/>\n<link rel=\"canonical\" href=\"https:\/\/mentedespierta.es\/en\/product\/mi-gran-tesoro\/\" \/>\n<meta property=\"og:locale\" content=\"en_GB\" \/>\n<meta property=\"og:type\" content=\"article\" \/>\n<meta property=\"og:title\" content=\"Mi Gran Tesoro - Mente Despierta\" \/>\n<meta property=\"og:description\" content=\"Cuento Educativo que ayuda a los ni\u00f1os y adultos a armonizar nuestros pensamientos, emociones y nuestro comportamiento. Todo ello a trav\u00e9s de tres personajes que hablan en nuestro interior, incluye actividades y juegos pr\u00e1cticos.\" \/>\n<meta property=\"og:url\" content=\"https:\/\/mentedespierta.es\/en\/product\/mi-gran-tesoro\/\" \/>\n<meta property=\"og:site_name\" content=\"Mente Despierta\" \/>\n<meta property=\"article:modified_time\" content=\"2024-08-30T07:59:38+00:00\" \/>\n<meta property=\"og:image\" content=\"https:\/\/mentedespierta.es\/wp-content\/uploads\/2024\/08\/2020-09-15.png\" \/>\n\t<meta property=\"og:image:width\" content=\"304\" \/>\n\t<meta property=\"og:image:height\" content=\"231\" \/>\n\t<meta property=\"og:image:type\" content=\"image\/png\" \/>\n<meta name=\"twitter:card\" content=\"summary_large_image\" \/>\n<script type=\"application\/ld+json\" class=\"yoast-schema-graph\">{\"@context\":\"https:\\\/\\\/schema.org\",\"@graph\":[{\"@type\":\"WebPage\",\"@id\":\"https:\\\/\\\/mentedespierta.es\\\/producto\\\/mi-gran-tesoro\\\/\",\"url\":\"https:\\\/\\\/mentedespierta.es\\\/producto\\\/mi-gran-tesoro\\\/\",\"name\":\"Mi Gran Tesoro - Mente Despierta\",\"isPartOf\":{\"@id\":\"https:\\\/\\\/mentedespierta.es\\\/#website\"},\"primaryImageOfPage\":{\"@id\":\"https:\\\/\\\/mentedespierta.es\\\/producto\\\/mi-gran-tesoro\\\/#primaryimage\"},\"image\":{\"@id\":\"https:\\\/\\\/mentedespierta.es\\\/producto\\\/mi-gran-tesoro\\\/#primaryimage\"},\"thumbnailUrl\":\"https:\\\/\\\/mentedespierta.es\\\/wp-content\\\/uploads\\\/2024\\\/08\\\/2020-09-15.png\",\"datePublished\":\"2024-08-06T19:19:25+00:00\",\"dateModified\":\"2024-08-30T07:59:38+00:00\",\"breadcrumb\":{\"@id\":\"https:\\\/\\\/mentedespierta.es\\\/producto\\\/mi-gran-tesoro\\\/#breadcrumb\"},\"inLanguage\":\"en-GB\",\"potentialAction\":[{\"@type\":\"ReadAction\",\"target\":[\"https:\\\/\\\/mentedespierta.es\\\/producto\\\/mi-gran-tesoro\\\/\"]}]},{\"@type\":\"ImageObject\",\"inLanguage\":\"en-GB\",\"@id\":\"https:\\\/\\\/mentedespierta.es\\\/producto\\\/mi-gran-tesoro\\\/#primaryimage\",\"url\":\"https:\\\/\\\/mentedespierta.es\\\/wp-content\\\/uploads\\\/2024\\\/08\\\/2020-09-15.png\",\"contentUrl\":\"https:\\\/\\\/mentedespierta.es\\\/wp-content\\\/uploads\\\/2024\\\/08\\\/2020-09-15.png\",\"width\":304,\"height\":231},{\"@type\":\"BreadcrumbList\",\"@id\":\"https:\\\/\\\/mentedespierta.es\\\/producto\\\/mi-gran-tesoro\\\/#breadcrumb\",\"itemListElement\":[{\"@type\":\"ListItem\",\"position\":1,\"name\":\"Portada\",\"item\":\"https:\\\/\\\/mentedespierta.es\\\/\"},{\"@type\":\"ListItem\",\"position\":2,\"name\":\"Tienda\",\"item\":\"https:\\\/\\\/mentedespierta.es\\\/tienda\\\/\"},{\"@type\":\"ListItem\",\"position\":3,\"name\":\"Mi Gran Tesoro\"}]},{\"@type\":\"WebSite\",\"@id\":\"https:\\\/\\\/mentedespierta.es\\\/#website\",\"url\":\"https:\\\/\\\/mentedespierta.es\\\/\",\"name\":\"Mente Despierta\",\"description\":\"Gabinete Psicopedag\u00f3gico y Terapias Alternativas en Palencia\",\"publisher\":{\"@id\":\"https:\\\/\\\/mentedespierta.es\\\/#organization\"},\"potentialAction\":[{\"@type\":\"SearchAction\",\"target\":{\"@type\":\"EntryPoint\",\"urlTemplate\":\"https:\\\/\\\/mentedespierta.es\\\/?s={search_term_string}\"},\"query-input\":{\"@type\":\"PropertyValueSpecification\",\"valueRequired\":true,\"valueName\":\"search_term_string\"}}],\"inLanguage\":\"en-GB\"},{\"@type\":\"Organization\",\"@id\":\"https:\\\/\\\/mentedespierta.es\\\/#organization\",\"name\":\"Mente Despierta\",\"url\":\"https:\\\/\\\/mentedespierta.es\\\/\",\"logo\":{\"@type\":\"ImageObject\",\"inLanguage\":\"en-GB\",\"@id\":\"https:\\\/\\\/mentedespierta.es\\\/#\\\/schema\\\/logo\\\/image\\\/\",\"url\":\"https:\\\/\\\/mentedespierta.es\\\/wp-content\\\/uploads\\\/2024\\\/08\\\/logo-final-1.png\",\"contentUrl\":\"https:\\\/\\\/mentedespierta.es\\\/wp-content\\\/uploads\\\/2024\\\/08\\\/logo-final-1.png\",\"width\":1000,\"height\":1590,\"caption\":\"Mente Despierta\"},\"image\":{\"@id\":\"https:\\\/\\\/mentedespierta.es\\\/#\\\/schema\\\/logo\\\/image\\\/\"}}]}<\/script>\n<!-- \/ Yoast SEO plugin. -->","yoast_head_json":{"title":"Mi Gran Tesoro - Mente Despierta","robots":{"index":"index","follow":"follow","max-snippet":"max-snippet:-1","max-image-preview":"max-image-preview:large","max-video-preview":"max-video-preview:-1"},"canonical":"https:\/\/mentedespierta.es\/en\/product\/mi-gran-tesoro\/","og_locale":"en_GB","og_type":"article","og_title":"Mi Gran Tesoro - Mente Despierta","og_description":"Cuento Educativo que ayuda a los ni\u00f1os y adultos a armonizar nuestros pensamientos, emociones y nuestro comportamiento. Todo ello a trav\u00e9s de tres personajes que hablan en nuestro interior, incluye actividades y juegos pr\u00e1cticos.","og_url":"https:\/\/mentedespierta.es\/en\/product\/mi-gran-tesoro\/","og_site_name":"Mente Despierta","article_modified_time":"2024-08-30T07:59:38+00:00","og_image":[{"width":304,"height":231,"url":"https:\/\/mentedespierta.es\/wp-content\/uploads\/2024\/08\/2020-09-15.png","type":"image\/png"}],"twitter_card":"summary_large_image","schema":{"@context":"https:\/\/schema.org","@graph":[{"@type":"WebPage","@id":"https:\/\/mentedespierta.es\/producto\/mi-gran-tesoro\/","url":"https:\/\/mentedespierta.es\/producto\/mi-gran-tesoro\/","name":"Mi Gran Tesoro - Mente Despierta","isPartOf":{"@id":"https:\/\/mentedespierta.es\/#website"},"primaryImageOfPage":{"@id":"https:\/\/mentedespierta.es\/producto\/mi-gran-tesoro\/#primaryimage"},"image":{"@id":"https:\/\/mentedespierta.es\/producto\/mi-gran-tesoro\/#primaryimage"},"thumbnailUrl":"https:\/\/mentedespierta.es\/wp-content\/uploads\/2024\/08\/2020-09-15.png","datePublished":"2024-08-06T19:19:25+00:00","dateModified":"2024-08-30T07:59:38+00:00","breadcrumb":{"@id":"https:\/\/mentedespierta.es\/producto\/mi-gran-tesoro\/#breadcrumb"},"inLanguage":"en-GB","potentialAction":[{"@type":"ReadAction","target":["https:\/\/mentedespierta.es\/producto\/mi-gran-tesoro\/"]}]},{"@type":"ImageObject","inLanguage":"en-GB","@id":"https:\/\/mentedespierta.es\/producto\/mi-gran-tesoro\/#primaryimage","url":"https:\/\/mentedespierta.es\/wp-content\/uploads\/2024\/08\/2020-09-15.png","contentUrl":"https:\/\/mentedespierta.es\/wp-content\/uploads\/2024\/08\/2020-09-15.png","width":304,"height":231},{"@type":"BreadcrumbList","@id":"https:\/\/mentedespierta.es\/producto\/mi-gran-tesoro\/#breadcrumb","itemListElement":[{"@type":"ListItem","position":1,"name":"Portada","item":"https:\/\/mentedespierta.es\/"},{"@type":"ListItem","position":2,"name":"Tienda","item":"https:\/\/mentedespierta.es\/tienda\/"},{"@type":"ListItem","position":3,"name":"Mi Gran Tesoro"}]},{"@type":"WebSite","@id":"https:\/\/mentedespierta.es\/#website","url":"https:\/\/mentedespierta.es\/","name":"Mente Despierta","description":"Gabinete Psicopedag\u00f3gico y Terapias Alternativas en Palencia","publisher":{"@id":"https:\/\/mentedespierta.es\/#organization"},"potentialAction":[{"@type":"SearchAction","target":{"@type":"EntryPoint","urlTemplate":"https:\/\/mentedespierta.es\/?s={search_term_string}"},"query-input":{"@type":"PropertyValueSpecification","valueRequired":true,"valueName":"search_term_string"}}],"inLanguage":"en-GB"},{"@type":"Organization","@id":"https:\/\/mentedespierta.es\/#organization","name":"Mente Despierta","url":"https:\/\/mentedespierta.es\/","logo":{"@type":"ImageObject","inLanguage":"en-GB","@id":"https:\/\/mentedespierta.es\/#\/schema\/logo\/image\/","url":"https:\/\/mentedespierta.es\/wp-content\/uploads\/2024\/08\/logo-final-1.png","contentUrl":"https:\/\/mentedespierta.es\/wp-content\/uploads\/2024\/08\/logo-final-1.png","width":1000,"height":1590,"caption":"Mente Despierta"},"image":{"@id":"https:\/\/mentedespierta.es\/#\/schema\/logo\/image\/"}}]}},"_links":{"self":[{"href":"https:\/\/mentedespierta.es\/en\/wp-json\/wp\/v2\/product\/231","targetHints":{"allow":["GET"]}}],"collection":[{"href":"https:\/\/mentedespierta.es\/en\/wp-json\/wp\/v2\/product"}],"about":[{"href":"https:\/\/mentedespierta.es\/en\/wp-json\/wp\/v2\/types\/product"}],"wp:featuredmedia":[{"embeddable":true,"href":"https:\/\/mentedespierta.es\/en\/wp-json\/wp\/v2\/media\/232"}],"wp:attachment":[{"href":"https:\/\/mentedespierta.es\/en\/wp-json\/wp\/v2\/media?parent=231"}],"wp:term":[{"taxonomy":"product_brand","embeddable":true,"href":"https:\/\/mentedespierta.es\/en\/wp-json\/wp\/v2\/product_brand?post=231"},{"taxonomy":"product_cat","embeddable":true,"href":"https:\/\/mentedespierta.es\/en\/wp-json\/wp\/v2\/product_cat?post=231"},{"taxonomy":"product_tag","embeddable":true,"href":"https:\/\/mentedespierta.es\/en\/wp-json\/wp\/v2\/product_tag?post=231"}],"curies":[{"name":"wp","href":"https:\/\/api.w.org\/{rel}","templated":true}]}}