{"id":635,"date":"2024-08-30T10:00:55","date_gmt":"2024-08-30T08:00:55","guid":{"rendered":"https:\/\/beta.mentedespierta.es\/?page_id=635"},"modified":"2024-10-22T12:46:53","modified_gmt":"2024-10-22T10:46:53","slug":"actividades-y-talleres-presenciales","status":"publish","type":"page","link":"https:\/\/mentedespierta.es\/en\/actividades-y-talleres-presenciales\/","title":{"rendered":"In-person activities"},"content":{"rendered":"<div data-elementor-type=\"wp-page\" data-elementor-id=\"635\" class=\"elementor elementor-635\">\n\t\t\t\t<div class=\"elementor-element elementor-element-a17c22c e-flex e-con-boxed e-con e-parent\" data-id=\"a17c22c\" data-element_type=\"container\" data-e-type=\"container\" data-settings=\"{&quot;background_background&quot;:&quot;gradient&quot;}\">\n\t\t\t\t\t<div class=\"e-con-inner\">\n\t\t\t\t<div class=\"elementor-element elementor-element-16218ef elementor-widget elementor-widget-heading\" data-id=\"16218ef\" data-element_type=\"widget\" data-e-type=\"widget\" data-widget_type=\"heading.default\">\n\t\t\t\t<div class=\"elementor-widget-container\">\n\t\t\t\t\t<h2 class=\"elementor-heading-title elementor-size-default\">Consultor\u00eda de<br>\nCoaching y Mindfulness<\/h2>\t\t\t\t<\/div>\n\t\t\t\t<\/div>\n\t\t\t\t<div class=\"elementor-element elementor-element-46ff77e elementor-widget elementor-widget-button\" data-id=\"46ff77e\" data-element_type=\"widget\" data-e-type=\"widget\" data-widget_type=\"button.default\">\n\t\t\t\t<div class=\"elementor-widget-container\">\n\t\t\t\t\t\t\t\t\t<div class=\"elementor-button-wrapper\">\n\t\t\t\t\t<a class=\"elementor-button elementor-size-sm\" role=\"button\">\n\t\t\t\t\t\t<span class=\"elementor-button-content-wrapper\">\n\t\t\t\t\t\t\t\t\t<span class=\"elementor-button-text\">Contact me today!<\/span>\n\t\t\t\t\t<\/span>\n\t\t\t\t\t<\/a>\n\t\t\t\t<\/div>\n\t\t\t\t\t\t\t\t<\/div>\n\t\t\t\t<\/div>\n\t\t\t\t\t<\/div>\n\t\t\t\t<\/div>\n\t\t<div class=\"elementor-element elementor-element-6ebfcf0 e-flex e-con-boxed e-con e-parent\" data-id=\"6ebfcf0\" data-element_type=\"container\" data-e-type=\"container\">\n\t\t\t\t\t<div class=\"e-con-inner\">\n\t\t<div class=\"elementor-element elementor-element-1ec8011 e-con-full e-flex e-con e-child\" data-id=\"1ec8011\" data-element_type=\"container\" data-e-type=\"container\">\n\t\t\t\t<div class=\"elementor-element elementor-element-af768c7 elementor-widget__width-initial elementor-widget elementor-widget-image\" data-id=\"af768c7\" data-element_type=\"widget\" data-e-type=\"widget\" data-widget_type=\"image.default\">\n\t\t\t\t<div class=\"elementor-widget-container\">\n\t\t\t\t\t\t\t\t\t\t\t\t\t\t\t<img fetchpriority=\"high\" decoding=\"async\" width=\"300\" height=\"200\" src=\"https:\/\/mentedespierta.es\/wp-content\/uploads\/2024\/09\/Actividades-y-TAlleres-Presenciales2.jpg\" class=\"attachment-full size-full wp-image-920\" alt=\"\" \/>\t\t\t\t\t\t\t\t\t\t\t\t\t\t\t<\/div>\n\t\t\t\t<\/div>\n\t\t<div class=\"elementor-element elementor-element-2b14b45 e-con-full e-flex e-con e-child\" data-id=\"2b14b45\" data-element_type=\"container\" data-e-type=\"container\">\n\t\t\t\t<div class=\"elementor-element elementor-element-345309f elementor-widget elementor-widget-heading\" data-id=\"345309f\" data-element_type=\"widget\" data-e-type=\"widget\" data-widget_type=\"heading.default\">\n\t\t\t\t<div class=\"elementor-widget-container\">\n\t\t\t\t\t<h3 class=\"elementor-heading-title elementor-size-default\">Descubre el Poder del Mindfulness para Transformar tu Vida<\/h3>\t\t\t\t<\/div>\n\t\t\t\t<\/div>\n\t\t\t\t<div class=\"elementor-element elementor-element-355e60a elementor-widget elementor-widget-text-editor\" data-id=\"355e60a\" data-element_type=\"widget\" data-e-type=\"widget\" data-widget_type=\"text-editor.default\">\n\t\t\t\t<div class=\"elementor-widget-container\">\n\t\t\t\t\t\t\t\t\t<p>Bienvenido a nuestro espacio de bienestar, donde te ofrecemos una variedad de actividades dise\u00f1adas para ayudarte a reducir el estr\u00e9s, la ansiedad y encontrar un equilibrio interior. Ya sea a trav\u00e9s de nuestras meditaciones guiadas, sesiones de mindfulness o cursos especializados en la reducci\u00f3n de estr\u00e9s, aqu\u00ed encontrar\u00e1s las herramientas necesarias para cuidar tu mente y cuerpo.<\/p><p>Explora nuestras actividades y elige la que m\u00e1s se ajuste a tus necesidades. Si deseas m\u00e1s informaci\u00f3n o tienes alguna duda, no dudes en contactarnos. \u00a1Estamos aqu\u00ed para acompa\u00f1arte en cada paso de tu camino hacia el bienestar!<\/p><p>\u00a1Solicita m\u00e1s informaci\u00f3n hoy mismo y comienza tu viaje hacia una vida m\u00e1s tranquila y plena!<\/p>\t\t\t\t\t\t\t\t<\/div>\n\t\t\t\t<\/div>\n\t\t\t\t<\/div>\n\t\t\t\t<\/div>\n\t\t\t\t<div class=\"elementor-element elementor-element-49d4e14 elementor-widget elementor-widget-animated-headline\" data-id=\"49d4e14\" data-element_type=\"widget\" data-e-type=\"widget\" data-widget_type=\"animated-headline.default\">\n\t\t\t\t<div class=\"elementor-widget-container\">\n\t\t\t\t\t \t\t\t\t<\/div>\n\t\t\t\t<\/div>\n\t\t\t\t\t<\/div>\n\t\t\t\t<\/div>\n\t\t<div class=\"elementor-element elementor-element-7719718b e-flex e-con-boxed e-con e-parent\" data-id=\"7719718b\" data-element_type=\"container\" data-e-type=\"container\" data-settings=\"{&quot;background_background&quot;:&quot;classic&quot;}\">\n\t\t\t\t\t<div class=\"e-con-inner\">\n\t\t\t\t<div class=\"elementor-element elementor-element-40d019bd elementor-widget elementor-widget-heading\" data-id=\"40d019bd\" data-element_type=\"widget\" data-e-type=\"widget\" data-widget_type=\"heading.default\">\n\t\t\t\t<div class=\"elementor-widget-container\">\n\t\t\t\t\t<h2 class=\"elementor-heading-title elementor-size-default\">In-person activities<\/h2>\t\t\t\t<\/div>\n\t\t\t\t<\/div>\n\t\t\t\t<div class=\"elementor-element elementor-element-187cc132 elementor-widget elementor-widget-posts\" data-id=\"187cc132\" data-element_type=\"widget\" data-e-type=\"widget\" data-widget_type=\"posts.cards\">\n\t\t\t\t<div class=\"elementor-widget-container\">\n\t\t\t\t\t \t\t\t\t<\/div>\n\t\t\t\t<\/div>\n\t\t\t\t\t<\/div>\n\t\t\t\t<\/div>\n\t\t\t\t<\/div>","protected":false},"excerpt":{"rendered":"<p>\u00a1Contacta conmigo hoy mismo! Descubre el Poder del Mindfulness para Transformar tu Vida Bienvenido a nuestro espacio de bienestar, donde te ofrecemos una variedad de actividades dise\u00f1adas para ayudarte a reducir el estr\u00e9s, la ansiedad y encontrar un equilibrio interior. Ya sea a trav\u00e9s de nuestras meditaciones guiadas, sesiones de mindfulness o cursos especializados en [&hellip;]<\/p>\n","protected":false},"author":1,"featured_media":0,"parent":0,"menu_order":0,"comment_status":"closed","ping_status":"closed","template":"","meta":{"h5ap_radio_sources":[],"_joinchat":[],"footnotes":""},"class_list":["post-635","page","type-page","status-publish","hentry"],"yoast_head":"<!-- This site is optimized with the Yoast SEO plugin v27.4 - https:\/\/yoast.com\/product\/yoast-seo-wordpress\/ -->\n<title>Actividades Presenciales de bienestar en Palencia - Mente Despierta<\/title>\n<meta name=\"description\" content=\"Talleres de crecimiento personal y mindfulness en Palencia. Mejora tu bienestar de manera pr\u00e1ctica y cercana.\" \/>\n<meta name=\"robots\" content=\"index, follow, max-snippet:-1, max-image-preview:large, max-video-preview:-1\" \/>\n<link rel=\"canonical\" href=\"https:\/\/mentedespierta.es\/en\/actividades-y-talleres-presenciales\/\" \/>\n<meta property=\"og:locale\" content=\"en_GB\" \/>\n<meta property=\"og:type\" content=\"article\" \/>\n<meta property=\"og:title\" content=\"Actividades Presenciales de bienestar en Palencia - Mente Despierta\" \/>\n<meta property=\"og:description\" content=\"Talleres de crecimiento personal y mindfulness en Palencia. Mejora tu bienestar de manera pr\u00e1ctica y cercana.\" \/>\n<meta property=\"og:url\" content=\"https:\/\/mentedespierta.es\/en\/actividades-y-talleres-presenciales\/\" \/>\n<meta property=\"og:site_name\" content=\"Mente Despierta\" \/>\n<meta property=\"article:modified_time\" content=\"2024-10-22T10:46:53+00:00\" \/>\n<meta property=\"og:image\" content=\"https:\/\/mentedespierta.es\/wp-content\/uploads\/2024\/09\/Actividades-y-TAlleres-Presenciales2.jpg\" \/>\n<meta name=\"twitter:card\" content=\"summary_large_image\" \/>\n<meta name=\"twitter:label1\" content=\"Estimated reading time\" \/>\n\t<meta name=\"twitter:data1\" content=\"1 minute\" \/>\n<script type=\"application\/ld+json\" class=\"yoast-schema-graph\">{\"@context\":\"https:\\\/\\\/schema.org\",\"@graph\":[{\"@type\":\"WebPage\",\"@id\":\"https:\\\/\\\/mentedespierta.es\\\/actividades-y-talleres-presenciales\\\/\",\"url\":\"https:\\\/\\\/mentedespierta.es\\\/actividades-y-talleres-presenciales\\\/\",\"name\":\"Actividades Presenciales de bienestar en Palencia - Mente Despierta\",\"isPartOf\":{\"@id\":\"https:\\\/\\\/mentedespierta.es\\\/#website\"},\"primaryImageOfPage\":{\"@id\":\"https:\\\/\\\/mentedespierta.es\\\/actividades-y-talleres-presenciales\\\/#primaryimage\"},\"image\":{\"@id\":\"https:\\\/\\\/mentedespierta.es\\\/actividades-y-talleres-presenciales\\\/#primaryimage\"},\"thumbnailUrl\":\"https:\\\/\\\/mentedespierta.es\\\/wp-content\\\/uploads\\\/2024\\\/09\\\/Actividades-y-TAlleres-Presenciales2.jpg\",\"datePublished\":\"2024-08-30T08:00:55+00:00\",\"dateModified\":\"2024-10-22T10:46:53+00:00\",\"description\":\"Talleres de crecimiento personal y mindfulness en Palencia. Mejora tu bienestar de manera pr\u00e1ctica y cercana.\",\"breadcrumb\":{\"@id\":\"https:\\\/\\\/mentedespierta.es\\\/actividades-y-talleres-presenciales\\\/#breadcrumb\"},\"inLanguage\":\"en-GB\",\"potentialAction\":[{\"@type\":\"ReadAction\",\"target\":[\"https:\\\/\\\/mentedespierta.es\\\/actividades-y-talleres-presenciales\\\/\"]}]},{\"@type\":\"ImageObject\",\"inLanguage\":\"en-GB\",\"@id\":\"https:\\\/\\\/mentedespierta.es\\\/actividades-y-talleres-presenciales\\\/#primaryimage\",\"url\":\"https:\\\/\\\/mentedespierta.es\\\/wp-content\\\/uploads\\\/2024\\\/09\\\/Actividades-y-TAlleres-Presenciales2.jpg\",\"contentUrl\":\"https:\\\/\\\/mentedespierta.es\\\/wp-content\\\/uploads\\\/2024\\\/09\\\/Actividades-y-TAlleres-Presenciales2.jpg\"},{\"@type\":\"BreadcrumbList\",\"@id\":\"https:\\\/\\\/mentedespierta.es\\\/actividades-y-talleres-presenciales\\\/#breadcrumb\",\"itemListElement\":[{\"@type\":\"ListItem\",\"position\":1,\"name\":\"Portada\",\"item\":\"https:\\\/\\\/mentedespierta.es\\\/\"},{\"@type\":\"ListItem\",\"position\":2,\"name\":\"Actividades Presenciales\"}]},{\"@type\":\"WebSite\",\"@id\":\"https:\\\/\\\/mentedespierta.es\\\/#website\",\"url\":\"https:\\\/\\\/mentedespierta.es\\\/\",\"name\":\"Mente Despierta\",\"description\":\"Gabinete Psicopedag\u00f3gico y Terapias Alternativas en Palencia\",\"publisher\":{\"@id\":\"https:\\\/\\\/mentedespierta.es\\\/#organization\"},\"potentialAction\":[{\"@type\":\"SearchAction\",\"target\":{\"@type\":\"EntryPoint\",\"urlTemplate\":\"https:\\\/\\\/mentedespierta.es\\\/?s={search_term_string}\"},\"query-input\":{\"@type\":\"PropertyValueSpecification\",\"valueRequired\":true,\"valueName\":\"search_term_string\"}}],\"inLanguage\":\"en-GB\"},{\"@type\":\"Organization\",\"@id\":\"https:\\\/\\\/mentedespierta.es\\\/#organization\",\"name\":\"Mente Despierta\",\"url\":\"https:\\\/\\\/mentedespierta.es\\\/\",\"logo\":{\"@type\":\"ImageObject\",\"inLanguage\":\"en-GB\",\"@id\":\"https:\\\/\\\/mentedespierta.es\\\/#\\\/schema\\\/logo\\\/image\\\/\",\"url\":\"https:\\\/\\\/mentedespierta.es\\\/wp-content\\\/uploads\\\/2024\\\/08\\\/logo-final-1.png\",\"contentUrl\":\"https:\\\/\\\/mentedespierta.es\\\/wp-content\\\/uploads\\\/2024\\\/08\\\/logo-final-1.png\",\"width\":1000,\"height\":1590,\"caption\":\"Mente Despierta\"},\"image\":{\"@id\":\"https:\\\/\\\/mentedespierta.es\\\/#\\\/schema\\\/logo\\\/image\\\/\"}}]}<\/script>\n<!-- \/ Yoast SEO plugin. -->","yoast_head_json":{"title":"Actividades Presenciales de bienestar en Palencia - Mente Despierta","description":"Talleres de crecimiento personal y mindfulness en Palencia. Mejora tu bienestar de manera pr\u00e1ctica y cercana.","robots":{"index":"index","follow":"follow","max-snippet":"max-snippet:-1","max-image-preview":"max-image-preview:large","max-video-preview":"max-video-preview:-1"},"canonical":"https:\/\/mentedespierta.es\/en\/actividades-y-talleres-presenciales\/","og_locale":"en_GB","og_type":"article","og_title":"Actividades Presenciales de bienestar en Palencia - Mente Despierta","og_description":"Talleres de crecimiento personal y mindfulness en Palencia. Mejora tu bienestar de manera pr\u00e1ctica y cercana.","og_url":"https:\/\/mentedespierta.es\/en\/actividades-y-talleres-presenciales\/","og_site_name":"Mente Despierta","article_modified_time":"2024-10-22T10:46:53+00:00","og_image":[{"url":"https:\/\/mentedespierta.es\/wp-content\/uploads\/2024\/09\/Actividades-y-TAlleres-Presenciales2.jpg","type":"","width":"","height":""}],"twitter_card":"summary_large_image","twitter_misc":{"Estimated reading time":"1 minute"},"schema":{"@context":"https:\/\/schema.org","@graph":[{"@type":"WebPage","@id":"https:\/\/mentedespierta.es\/actividades-y-talleres-presenciales\/","url":"https:\/\/mentedespierta.es\/actividades-y-talleres-presenciales\/","name":"Actividades Presenciales de bienestar en Palencia - Mente Despierta","isPartOf":{"@id":"https:\/\/mentedespierta.es\/#website"},"primaryImageOfPage":{"@id":"https:\/\/mentedespierta.es\/actividades-y-talleres-presenciales\/#primaryimage"},"image":{"@id":"https:\/\/mentedespierta.es\/actividades-y-talleres-presenciales\/#primaryimage"},"thumbnailUrl":"https:\/\/mentedespierta.es\/wp-content\/uploads\/2024\/09\/Actividades-y-TAlleres-Presenciales2.jpg","datePublished":"2024-08-30T08:00:55+00:00","dateModified":"2024-10-22T10:46:53+00:00","description":"Talleres de crecimiento personal y mindfulness en Palencia. Mejora tu bienestar de manera pr\u00e1ctica y cercana.","breadcrumb":{"@id":"https:\/\/mentedespierta.es\/actividades-y-talleres-presenciales\/#breadcrumb"},"inLanguage":"en-GB","potentialAction":[{"@type":"ReadAction","target":["https:\/\/mentedespierta.es\/actividades-y-talleres-presenciales\/"]}]},{"@type":"ImageObject","inLanguage":"en-GB","@id":"https:\/\/mentedespierta.es\/actividades-y-talleres-presenciales\/#primaryimage","url":"https:\/\/mentedespierta.es\/wp-content\/uploads\/2024\/09\/Actividades-y-TAlleres-Presenciales2.jpg","contentUrl":"https:\/\/mentedespierta.es\/wp-content\/uploads\/2024\/09\/Actividades-y-TAlleres-Presenciales2.jpg"},{"@type":"BreadcrumbList","@id":"https:\/\/mentedespierta.es\/actividades-y-talleres-presenciales\/#breadcrumb","itemListElement":[{"@type":"ListItem","position":1,"name":"Portada","item":"https:\/\/mentedespierta.es\/"},{"@type":"ListItem","position":2,"name":"Actividades Presenciales"}]},{"@type":"WebSite","@id":"https:\/\/mentedespierta.es\/#website","url":"https:\/\/mentedespierta.es\/","name":"Mente Despierta","description":"Gabinete Psicopedag\u00f3gico y Terapias Alternativas en Palencia","publisher":{"@id":"https:\/\/mentedespierta.es\/#organization"},"potentialAction":[{"@type":"SearchAction","target":{"@type":"EntryPoint","urlTemplate":"https:\/\/mentedespierta.es\/?s={search_term_string}"},"query-input":{"@type":"PropertyValueSpecification","valueRequired":true,"valueName":"search_term_string"}}],"inLanguage":"en-GB"},{"@type":"Organization","@id":"https:\/\/mentedespierta.es\/#organization","name":"Mente Despierta","url":"https:\/\/mentedespierta.es\/","logo":{"@type":"ImageObject","inLanguage":"en-GB","@id":"https:\/\/mentedespierta.es\/#\/schema\/logo\/image\/","url":"https:\/\/mentedespierta.es\/wp-content\/uploads\/2024\/08\/logo-final-1.png","contentUrl":"https:\/\/mentedespierta.es\/wp-content\/uploads\/2024\/08\/logo-final-1.png","width":1000,"height":1590,"caption":"Mente Despierta"},"image":{"@id":"https:\/\/mentedespierta.es\/#\/schema\/logo\/image\/"}}]}},"_links":{"self":[{"href":"https:\/\/mentedespierta.es\/en\/wp-json\/wp\/v2\/pages\/635","targetHints":{"allow":["GET"]}}],"collection":[{"href":"https:\/\/mentedespierta.es\/en\/wp-json\/wp\/v2\/pages"}],"about":[{"href":"https:\/\/mentedespierta.es\/en\/wp-json\/wp\/v2\/types\/page"}],"author":[{"embeddable":true,"href":"https:\/\/mentedespierta.es\/en\/wp-json\/wp\/v2\/users\/1"}],"replies":[{"embeddable":true,"href":"https:\/\/mentedespierta.es\/en\/wp-json\/wp\/v2\/comments?post=635"}],"version-history":[{"count":10,"href":"https:\/\/mentedespierta.es\/en\/wp-json\/wp\/v2\/pages\/635\/revisions"}],"predecessor-version":[{"id":1093,"href":"https:\/\/mentedespierta.es\/en\/wp-json\/wp\/v2\/pages\/635\/revisions\/1093"}],"wp:attachment":[{"href":"https:\/\/mentedespierta.es\/en\/wp-json\/wp\/v2\/media?parent=635"}],"curies":[{"name":"wp","href":"https:\/\/api.w.org\/{rel}","templated":true}]}}