{"id":24,"date":"2024-08-01T14:25:52","date_gmt":"2024-08-01T12:25:52","guid":{"rendered":"https:\/\/beta.mentedespierta.es\/?page_id=24"},"modified":"2024-10-25T13:56:57","modified_gmt":"2024-10-25T11:56:57","slug":"consultoria","status":"publish","type":"page","link":"https:\/\/mentedespierta.es\/en\/consultoria\/","title":{"rendered":"Consultancy"},"content":{"rendered":"<div data-elementor-type=\"wp-page\" data-elementor-id=\"24\" class=\"elementor elementor-24\">\n\t\t\t\t<div class=\"elementor-element elementor-element-0b07833 e-flex e-con-boxed e-con e-parent\" data-id=\"0b07833\" data-element_type=\"container\" data-e-type=\"container\" data-settings=\"{&quot;background_background&quot;:&quot;classic&quot;}\">\n\t\t\t\t\t<div class=\"e-con-inner\">\n\t\t\t\t<div class=\"elementor-element elementor-element-5b37211 elementor-widget-mobile__width-auto elementor-widget elementor-widget-heading\" data-id=\"5b37211\" data-element_type=\"widget\" data-e-type=\"widget\" data-widget_type=\"heading.default\">\n\t\t\t\t<div class=\"elementor-widget-container\">\n\t\t\t\t\t<h2 class=\"elementor-heading-title elementor-size-default\">Consultor\u00eda de<br>\nCoaching y Mindfulness<\/h2>\t\t\t\t<\/div>\n\t\t\t\t<\/div>\n\t\t\t\t<div class=\"elementor-element elementor-element-c57cc32 elementor-widget elementor-widget-button\" data-id=\"c57cc32\" data-element_type=\"widget\" data-e-type=\"widget\" data-widget_type=\"button.default\">\n\t\t\t\t<div class=\"elementor-widget-container\">\n\t\t\t\t\t\t\t\t\t<div class=\"elementor-button-wrapper\">\n\t\t\t\t\t<a class=\"elementor-button elementor-size-sm\" role=\"button\">\n\t\t\t\t\t\t<span class=\"elementor-button-content-wrapper\">\n\t\t\t\t\t\t\t\t\t<span class=\"elementor-button-text\">Contact me today!<\/span>\n\t\t\t\t\t<\/span>\n\t\t\t\t\t<\/a>\n\t\t\t\t<\/div>\n\t\t\t\t\t\t\t\t<\/div>\n\t\t\t\t<\/div>\n\t\t\t\t\t<\/div>\n\t\t\t\t<\/div>\n\t\t<div class=\"elementor-element elementor-element-8c34cc6 e-flex e-con-boxed e-con e-parent\" data-id=\"8c34cc6\" data-element_type=\"container\" data-e-type=\"container\">\n\t\t\t\t\t<div class=\"e-con-inner\">\n\t\t\t\t<div class=\"elementor-element elementor-element-d1644fa elementor-widget elementor-widget-heading\" data-id=\"d1644fa\" data-element_type=\"widget\" data-e-type=\"widget\" data-widget_type=\"heading.default\">\n\t\t\t\t<div class=\"elementor-widget-container\">\n\t\t\t\t\t<h2 class=\"elementor-heading-title elementor-size-default\">Consultancy<\/h2>\t\t\t\t<\/div>\n\t\t\t\t<\/div>\n\t\t\t\t<div class=\"elementor-element elementor-element-51ed4f1 elementor-widget elementor-widget-heading\" data-id=\"51ed4f1\" data-element_type=\"widget\" data-e-type=\"widget\" data-widget_type=\"heading.default\">\n\t\t\t\t<div class=\"elementor-widget-container\">\n\t\t\t\t\t<h3 class=\"elementor-heading-title elementor-size-default\">\u00bfQu\u00e9 necesitas?<\/h3>\t\t\t\t<\/div>\n\t\t\t\t<\/div>\n\t\t\t\t\t<\/div>\n\t\t\t\t<\/div>\n\t\t<div class=\"elementor-element elementor-element-bf22db9 e-flex e-con-boxed e-con e-parent\" data-id=\"bf22db9\" data-element_type=\"container\" data-e-type=\"container\" id=\"coaching\">\n\t\t\t\t\t<div class=\"e-con-inner\">\n\t\t<div class=\"elementor-element elementor-element-553fd33 e-con-full e-flex e-con e-child\" data-id=\"553fd33\" data-element_type=\"container\" data-e-type=\"container\">\n\t\t\t\t<div class=\"elementor-element elementor-element-2dafdd3 elementor-widget__width-initial elementor-widget elementor-widget-image\" data-id=\"2dafdd3\" data-element_type=\"widget\" data-e-type=\"widget\" data-widget_type=\"image.default\">\n\t\t\t\t<div class=\"elementor-widget-container\">\n\t\t\t\t\t\t\t\t\t\t\t\t\t\t\t<img fetchpriority=\"high\" decoding=\"async\" width=\"800\" height=\"534\" src=\"https:\/\/mentedespierta.es\/wp-content\/uploads\/2024\/08\/puzzle-concept-1024x683.jpg\" class=\"attachment-large size-large wp-image-145\" alt=\"\" srcset=\"https:\/\/mentedespierta.es\/wp-content\/uploads\/2024\/08\/puzzle-concept-1024x683.jpg 1024w, https:\/\/mentedespierta.es\/wp-content\/uploads\/2024\/08\/puzzle-concept-300x200.jpg 300w, https:\/\/mentedespierta.es\/wp-content\/uploads\/2024\/08\/puzzle-concept-768x512.jpg 768w, https:\/\/mentedespierta.es\/wp-content\/uploads\/2024\/08\/puzzle-concept-1536x1024.jpg 1536w, https:\/\/mentedespierta.es\/wp-content\/uploads\/2024\/08\/puzzle-concept-2048x1365.jpg 2048w\" sizes=\"(max-width: 800px) 100vw, 800px\" \/>\t\t\t\t\t\t\t\t\t\t\t\t\t\t\t<\/div>\n\t\t\t\t<\/div>\n\t\t\t\t<\/div>\n\t\t<div class=\"elementor-element elementor-element-d39b3c7 e-con-full e-flex e-con e-child\" data-id=\"d39b3c7\" data-element_type=\"container\" data-e-type=\"container\">\n\t\t\t\t<div class=\"elementor-element elementor-element-e03fdd6 elementor-widget elementor-widget-image-box\" data-id=\"e03fdd6\" data-element_type=\"widget\" data-e-type=\"widget\" id=\"coaching\" data-widget_type=\"image-box.default\">\n\t\t\t\t<div class=\"elementor-widget-container\">\n\t\t\t\t\t<div class=\"elementor-image-box-wrapper\"><div class=\"elementor-image-box-content\"><h3 class=\"elementor-image-box-title\">CONSULTOR\u00cdA<\/h3><p class=\"elementor-image-box-description\">de Coaching<\/p><\/div><\/div>\t\t\t\t<\/div>\n\t\t\t\t<\/div>\n\t\t\t\t<div class=\"elementor-element elementor-element-a9460bd elementor-widget elementor-widget-text-editor\" data-id=\"a9460bd\" data-element_type=\"widget\" data-e-type=\"widget\" data-widget_type=\"text-editor.default\">\n\t\t\t\t<div class=\"elementor-widget-container\">\n\t\t\t\t\t\t\t\t\t<p>Proceso personalizado dirigido a definir tus objetivos personales o profesionales, elaborar un plan de acci\u00f3n para conseguirlos, a la vez que conoces aquello que te est\u00e1 impidiendo avanzar en tu vida.<\/p><p>Esta consultor\u00eda est\u00e1 enfocada a sacar la mejor versi\u00f3n de cada persona y avanzar hacia sus sue\u00f1os.<\/p>\t\t\t\t\t\t\t\t<\/div>\n\t\t\t\t<\/div>\n\t\t<div class=\"elementor-element elementor-element-904f3e4 e-con-full e-flex e-con e-child\" data-id=\"904f3e4\" data-element_type=\"container\" data-e-type=\"container\">\n\t\t\t\t<div class=\"elementor-element elementor-element-dd0ec62 elementor-widget elementor-widget-button\" data-id=\"dd0ec62\" data-element_type=\"widget\" data-e-type=\"widget\" data-widget_type=\"button.default\">\n\t\t\t\t<div class=\"elementor-widget-container\">\n\t\t\t\t\t\t\t\t\t<div class=\"elementor-button-wrapper\">\n\t\t\t\t\t<a class=\"elementor-button elementor-button-link elementor-size-sm\" href=\"https:\/\/beta.mentedespierta.es\/consultoria\/#coaching\">\n\t\t\t\t\t\t<span class=\"elementor-button-content-wrapper\">\n\t\t\t\t\t\t\t\t\t<span class=\"elementor-button-text\">Consultor\u00eda Online<\/span>\n\t\t\t\t\t<\/span>\n\t\t\t\t\t<\/a>\n\t\t\t\t<\/div>\n\t\t\t\t\t\t\t\t<\/div>\n\t\t\t\t<\/div>\n\t\t\t\t<div class=\"elementor-element elementor-element-1b3ac0a elementor-widget elementor-widget-button\" data-id=\"1b3ac0a\" data-element_type=\"widget\" data-e-type=\"widget\" data-widget_type=\"button.default\">\n\t\t\t\t<div class=\"elementor-widget-container\">\n\t\t\t\t\t\t\t\t\t<div class=\"elementor-button-wrapper\">\n\t\t\t\t\t<a class=\"elementor-button elementor-button-link elementor-size-sm\" href=\"https:\/\/beta.mentedespierta.es\/consultoria\/#coaching\">\n\t\t\t\t\t\t<span class=\"elementor-button-content-wrapper\">\n\t\t\t\t\t\t\t\t\t<span class=\"elementor-button-text\">Consultor\u00eda Presencial<\/span>\n\t\t\t\t\t<\/span>\n\t\t\t\t\t<\/a>\n\t\t\t\t<\/div>\n\t\t\t\t\t\t\t\t<\/div>\n\t\t\t\t<\/div>\n\t\t\t\t<\/div>\n\t\t\t\t<\/div>\n\t\t\t\t\t<\/div>\n\t\t\t\t<\/div>\n\t\t<div class=\"elementor-element elementor-element-5facdeb e-flex e-con-boxed e-con e-parent\" data-id=\"5facdeb\" data-element_type=\"container\" data-e-type=\"container\" id=\"mindfulness\">\n\t\t\t\t\t<div class=\"e-con-inner\">\n\t\t<div class=\"elementor-element elementor-element-076b0f4 e-con-full e-flex e-con e-child\" data-id=\"076b0f4\" data-element_type=\"container\" data-e-type=\"container\">\n\t\t\t\t<div class=\"elementor-element elementor-element-5fc06ca elementor-widget elementor-widget-image-box\" data-id=\"5fc06ca\" data-element_type=\"widget\" data-e-type=\"widget\" id=\"mindfulness\" data-widget_type=\"image-box.default\">\n\t\t\t\t<div class=\"elementor-widget-container\">\n\t\t\t\t\t<div class=\"elementor-image-box-wrapper\"><div class=\"elementor-image-box-content\"><h3 class=\"elementor-image-box-title\">CONSULTOR\u00cdA<\/h3><p class=\"elementor-image-box-description\">de Mindfulness<\/p><\/div><\/div>\t\t\t\t<\/div>\n\t\t\t\t<\/div>\n\t\t\t\t<div class=\"elementor-element elementor-element-8bd52ba elementor-widget elementor-widget-text-editor\" data-id=\"8bd52ba\" data-element_type=\"widget\" data-e-type=\"widget\" data-widget_type=\"text-editor.default\">\n\t\t\t\t<div class=\"elementor-widget-container\">\n\t\t\t\t\t\t\t\t\t<p>Te acompa\u00f1o hacia un estilo de vida centrado<br \/>en el momento presente y que aporta bienestar, serenidad y felicidad, mejorando tu calidad de vida.<\/p><p>Saber vivir conscientemente permite autoconocernos interiormente y<br \/>exteriormente, tomar conciencia de nuestra<br \/>mente, para que trabaje a nuestro favor y se<br \/>desprenda f\u00e1cilmente de pensamientos y preocupaciones. Esto permite conocer nuestras limitaciones, pero tambi\u00e9n nuestros propios recursos internos.<\/p><p>Es un cambio profundo en la manera de comprender la vida, el mundo y el papel que en \u00e9l desempe\u00f1amos.<\/p><p>Si eres una persona que quieres vivir desde la armon\u00eda y el bienestar, bajar del ritmo de vida acelerado de nuestra sociedad, aprender a disfrutar el momento presente, a ganar en control emocional y descubrir incluso el sentido de tu vida, EL MINDFULNESS TE PUEDE AYUDAR.<\/p>\t\t\t\t\t\t\t\t<\/div>\n\t\t\t\t<\/div>\n\t\t\t\t<\/div>\n\t\t<div class=\"elementor-element elementor-element-a89b79f e-con-full e-flex e-con e-child\" data-id=\"a89b79f\" data-element_type=\"container\" data-e-type=\"container\">\n\t\t\t\t<div class=\"elementor-element elementor-element-0ea9abf elementor-widget__width-initial elementor-widget elementor-widget-image\" data-id=\"0ea9abf\" data-element_type=\"widget\" data-e-type=\"widget\" data-widget_type=\"image.default\">\n\t\t\t\t<div class=\"elementor-widget-container\">\n\t\t\t\t\t\t\t\t\t\t\t\t\t\t\t<img decoding=\"async\" width=\"800\" height=\"534\" src=\"https:\/\/mentedespierta.es\/wp-content\/uploads\/2024\/08\/cerrar-nino-meditando-sobre-estera_23-2149101612-1024x683.jpg\" class=\"attachment-large size-large wp-image-146\" alt=\"\" srcset=\"https:\/\/mentedespierta.es\/wp-content\/uploads\/2024\/08\/cerrar-nino-meditando-sobre-estera_23-2149101612-1024x683.jpg 1024w, https:\/\/mentedespierta.es\/wp-content\/uploads\/2024\/08\/cerrar-nino-meditando-sobre-estera_23-2149101612-300x200.jpg 300w, https:\/\/mentedespierta.es\/wp-content\/uploads\/2024\/08\/cerrar-nino-meditando-sobre-estera_23-2149101612-768x512.jpg 768w, https:\/\/mentedespierta.es\/wp-content\/uploads\/2024\/08\/cerrar-nino-meditando-sobre-estera_23-2149101612.jpg 1380w\" sizes=\"(max-width: 800px) 100vw, 800px\" \/>\t\t\t\t\t\t\t\t\t\t\t\t\t\t\t<\/div>\n\t\t\t\t<\/div>\n\t\t<div class=\"elementor-element elementor-element-4b58c9e e-con-full e-flex e-con e-child\" data-id=\"4b58c9e\" data-element_type=\"container\" data-e-type=\"container\">\n\t\t\t\t<div class=\"elementor-element elementor-element-98eef50 elementor-widget elementor-widget-button\" data-id=\"98eef50\" data-element_type=\"widget\" data-e-type=\"widget\" data-widget_type=\"button.default\">\n\t\t\t\t<div class=\"elementor-widget-container\">\n\t\t\t\t\t\t\t\t\t<div class=\"elementor-button-wrapper\">\n\t\t\t\t\t<a class=\"elementor-button elementor-button-link elementor-size-sm\" href=\"https:\/\/beta.mentedespierta.es\/consultoria\/#coaching\">\n\t\t\t\t\t\t<span class=\"elementor-button-content-wrapper\">\n\t\t\t\t\t\t\t\t\t<span class=\"elementor-button-text\">Consultor\u00eda Online<\/span>\n\t\t\t\t\t<\/span>\n\t\t\t\t\t<\/a>\n\t\t\t\t<\/div>\n\t\t\t\t\t\t\t\t<\/div>\n\t\t\t\t<\/div>\n\t\t\t\t<div class=\"elementor-element elementor-element-0044243 elementor-widget elementor-widget-button\" data-id=\"0044243\" data-element_type=\"widget\" data-e-type=\"widget\" data-widget_type=\"button.default\">\n\t\t\t\t<div class=\"elementor-widget-container\">\n\t\t\t\t\t\t\t\t\t<div class=\"elementor-button-wrapper\">\n\t\t\t\t\t<a class=\"elementor-button elementor-button-link elementor-size-sm\" href=\"https:\/\/beta.mentedespierta.es\/consultoria\/#coaching\">\n\t\t\t\t\t\t<span class=\"elementor-button-content-wrapper\">\n\t\t\t\t\t\t\t\t\t<span class=\"elementor-button-text\">Consultor\u00eda Presencial<\/span>\n\t\t\t\t\t<\/span>\n\t\t\t\t\t<\/a>\n\t\t\t\t<\/div>\n\t\t\t\t\t\t\t\t<\/div>\n\t\t\t\t<\/div>\n\t\t\t\t<\/div>\n\t\t\t\t<\/div>\n\t\t\t\t\t<\/div>\n\t\t\t\t<\/div>\n\t\t\t\t<\/div>","protected":false},"excerpt":{"rendered":"<p>Consultor\u00eda de Coaching y Mindfulness \u00a1Contacta conmigo hoy mismo! Consultor\u00eda \u00bfQu\u00e9 necesitas? CONSULTOR\u00cdA de Coaching Proceso personalizado dirigido a definir tus objetivos personales o profesionales, elaborar un plan de acci\u00f3n para conseguirlos, a la vez que conoces aquello que te est\u00e1 impidiendo avanzar en tu vida. Esta consultor\u00eda est\u00e1 enfocada a sacar la mejor versi\u00f3n [&hellip;]<\/p>\n","protected":false},"author":1,"featured_media":0,"parent":0,"menu_order":0,"comment_status":"closed","ping_status":"closed","template":"","meta":{"h5ap_radio_sources":[],"_joinchat":[],"footnotes":""},"class_list":["post-24","page","type-page","status-publish","hentry"],"yoast_head":"<!-- This site is optimized with the Yoast SEO plugin v27.4 - https:\/\/yoast.com\/product\/yoast-seo-wordpress\/ -->\n<title>Consultor\u00eda Educativa y Psicopedag\u00f3gica en Palencia - Mente Despierta<\/title>\n<meta name=\"description\" content=\"Consultor\u00eda educativa y psicopedag\u00f3gica en Palencia. Mejora el rendimiento acad\u00e9mico y emocional con nuestra ayuda.\" \/>\n<meta name=\"robots\" content=\"index, follow, max-snippet:-1, max-image-preview:large, max-video-preview:-1\" \/>\n<link rel=\"canonical\" href=\"https:\/\/mentedespierta.es\/en\/consultoria\/\" \/>\n<meta property=\"og:locale\" content=\"en_GB\" \/>\n<meta property=\"og:type\" content=\"article\" \/>\n<meta property=\"og:title\" content=\"Consultor\u00eda Educativa y Psicopedag\u00f3gica en Palencia - Mente Despierta\" \/>\n<meta property=\"og:description\" content=\"Consultor\u00eda educativa y psicopedag\u00f3gica en Palencia. Mejora el rendimiento acad\u00e9mico y emocional con nuestra ayuda.\" \/>\n<meta property=\"og:url\" content=\"https:\/\/mentedespierta.es\/en\/consultoria\/\" \/>\n<meta property=\"og:site_name\" content=\"Mente Despierta\" \/>\n<meta property=\"article:modified_time\" content=\"2024-10-25T11:56:57+00:00\" \/>\n<meta property=\"og:image\" content=\"https:\/\/mentedespierta.es\/wp-content\/uploads\/2024\/08\/puzzle-concept-scaled.jpg\" \/>\n\t<meta property=\"og:image:width\" content=\"2560\" \/>\n\t<meta property=\"og:image:height\" content=\"1707\" \/>\n\t<meta property=\"og:image:type\" content=\"image\/jpeg\" \/>\n<meta name=\"twitter:card\" content=\"summary_large_image\" \/>\n<meta name=\"twitter:label1\" content=\"Estimated reading time\" \/>\n\t<meta name=\"twitter:data1\" content=\"2 minutes\" \/>\n<script type=\"application\/ld+json\" class=\"yoast-schema-graph\">{\"@context\":\"https:\\\/\\\/schema.org\",\"@graph\":[{\"@type\":\"WebPage\",\"@id\":\"https:\\\/\\\/mentedespierta.es\\\/consultoria\\\/\",\"url\":\"https:\\\/\\\/mentedespierta.es\\\/consultoria\\\/\",\"name\":\"Consultor\u00eda Educativa y Psicopedag\u00f3gica en Palencia - Mente Despierta\",\"isPartOf\":{\"@id\":\"https:\\\/\\\/mentedespierta.es\\\/#website\"},\"primaryImageOfPage\":{\"@id\":\"https:\\\/\\\/mentedespierta.es\\\/consultoria\\\/#primaryimage\"},\"image\":{\"@id\":\"https:\\\/\\\/mentedespierta.es\\\/consultoria\\\/#primaryimage\"},\"thumbnailUrl\":\"https:\\\/\\\/mentedespierta.es\\\/wp-content\\\/uploads\\\/2024\\\/08\\\/puzzle-concept-1024x683.jpg\",\"datePublished\":\"2024-08-01T12:25:52+00:00\",\"dateModified\":\"2024-10-25T11:56:57+00:00\",\"description\":\"Consultor\u00eda educativa y psicopedag\u00f3gica en Palencia. Mejora el rendimiento acad\u00e9mico y emocional con nuestra ayuda.\",\"breadcrumb\":{\"@id\":\"https:\\\/\\\/mentedespierta.es\\\/consultoria\\\/#breadcrumb\"},\"inLanguage\":\"en-GB\",\"potentialAction\":[{\"@type\":\"ReadAction\",\"target\":[\"https:\\\/\\\/mentedespierta.es\\\/consultoria\\\/\"]}]},{\"@type\":\"ImageObject\",\"inLanguage\":\"en-GB\",\"@id\":\"https:\\\/\\\/mentedespierta.es\\\/consultoria\\\/#primaryimage\",\"url\":\"https:\\\/\\\/mentedespierta.es\\\/wp-content\\\/uploads\\\/2024\\\/08\\\/puzzle-concept-1024x683.jpg\",\"contentUrl\":\"https:\\\/\\\/mentedespierta.es\\\/wp-content\\\/uploads\\\/2024\\\/08\\\/puzzle-concept-1024x683.jpg\"},{\"@type\":\"BreadcrumbList\",\"@id\":\"https:\\\/\\\/mentedespierta.es\\\/consultoria\\\/#breadcrumb\",\"itemListElement\":[{\"@type\":\"ListItem\",\"position\":1,\"name\":\"Portada\",\"item\":\"https:\\\/\\\/mentedespierta.es\\\/\"},{\"@type\":\"ListItem\",\"position\":2,\"name\":\"Consultor\u00eda\"}]},{\"@type\":\"WebSite\",\"@id\":\"https:\\\/\\\/mentedespierta.es\\\/#website\",\"url\":\"https:\\\/\\\/mentedespierta.es\\\/\",\"name\":\"Mente Despierta\",\"description\":\"Gabinete Psicopedag\u00f3gico y Terapias Alternativas en Palencia\",\"publisher\":{\"@id\":\"https:\\\/\\\/mentedespierta.es\\\/#organization\"},\"potentialAction\":[{\"@type\":\"SearchAction\",\"target\":{\"@type\":\"EntryPoint\",\"urlTemplate\":\"https:\\\/\\\/mentedespierta.es\\\/?s={search_term_string}\"},\"query-input\":{\"@type\":\"PropertyValueSpecification\",\"valueRequired\":true,\"valueName\":\"search_term_string\"}}],\"inLanguage\":\"en-GB\"},{\"@type\":\"Organization\",\"@id\":\"https:\\\/\\\/mentedespierta.es\\\/#organization\",\"name\":\"Mente Despierta\",\"url\":\"https:\\\/\\\/mentedespierta.es\\\/\",\"logo\":{\"@type\":\"ImageObject\",\"inLanguage\":\"en-GB\",\"@id\":\"https:\\\/\\\/mentedespierta.es\\\/#\\\/schema\\\/logo\\\/image\\\/\",\"url\":\"https:\\\/\\\/mentedespierta.es\\\/wp-content\\\/uploads\\\/2024\\\/08\\\/logo-final-1.png\",\"contentUrl\":\"https:\\\/\\\/mentedespierta.es\\\/wp-content\\\/uploads\\\/2024\\\/08\\\/logo-final-1.png\",\"width\":1000,\"height\":1590,\"caption\":\"Mente Despierta\"},\"image\":{\"@id\":\"https:\\\/\\\/mentedespierta.es\\\/#\\\/schema\\\/logo\\\/image\\\/\"}}]}<\/script>\n<!-- \/ Yoast SEO plugin. -->","yoast_head_json":{"title":"Consultor\u00eda Educativa y Psicopedag\u00f3gica en Palencia - Mente Despierta","description":"Consultor\u00eda educativa y psicopedag\u00f3gica en Palencia. Mejora el rendimiento acad\u00e9mico y emocional con nuestra ayuda.","robots":{"index":"index","follow":"follow","max-snippet":"max-snippet:-1","max-image-preview":"max-image-preview:large","max-video-preview":"max-video-preview:-1"},"canonical":"https:\/\/mentedespierta.es\/en\/consultoria\/","og_locale":"en_GB","og_type":"article","og_title":"Consultor\u00eda Educativa y Psicopedag\u00f3gica en Palencia - Mente Despierta","og_description":"Consultor\u00eda educativa y psicopedag\u00f3gica en Palencia. Mejora el rendimiento acad\u00e9mico y emocional con nuestra ayuda.","og_url":"https:\/\/mentedespierta.es\/en\/consultoria\/","og_site_name":"Mente Despierta","article_modified_time":"2024-10-25T11:56:57+00:00","og_image":[{"width":2560,"height":1707,"url":"https:\/\/mentedespierta.es\/wp-content\/uploads\/2024\/08\/puzzle-concept-scaled.jpg","type":"image\/jpeg"}],"twitter_card":"summary_large_image","twitter_misc":{"Estimated reading time":"2 minutes"},"schema":{"@context":"https:\/\/schema.org","@graph":[{"@type":"WebPage","@id":"https:\/\/mentedespierta.es\/consultoria\/","url":"https:\/\/mentedespierta.es\/consultoria\/","name":"Consultor\u00eda Educativa y Psicopedag\u00f3gica en Palencia - Mente Despierta","isPartOf":{"@id":"https:\/\/mentedespierta.es\/#website"},"primaryImageOfPage":{"@id":"https:\/\/mentedespierta.es\/consultoria\/#primaryimage"},"image":{"@id":"https:\/\/mentedespierta.es\/consultoria\/#primaryimage"},"thumbnailUrl":"https:\/\/mentedespierta.es\/wp-content\/uploads\/2024\/08\/puzzle-concept-1024x683.jpg","datePublished":"2024-08-01T12:25:52+00:00","dateModified":"2024-10-25T11:56:57+00:00","description":"Consultor\u00eda educativa y psicopedag\u00f3gica en Palencia. Mejora el rendimiento acad\u00e9mico y emocional con nuestra ayuda.","breadcrumb":{"@id":"https:\/\/mentedespierta.es\/consultoria\/#breadcrumb"},"inLanguage":"en-GB","potentialAction":[{"@type":"ReadAction","target":["https:\/\/mentedespierta.es\/consultoria\/"]}]},{"@type":"ImageObject","inLanguage":"en-GB","@id":"https:\/\/mentedespierta.es\/consultoria\/#primaryimage","url":"https:\/\/mentedespierta.es\/wp-content\/uploads\/2024\/08\/puzzle-concept-1024x683.jpg","contentUrl":"https:\/\/mentedespierta.es\/wp-content\/uploads\/2024\/08\/puzzle-concept-1024x683.jpg"},{"@type":"BreadcrumbList","@id":"https:\/\/mentedespierta.es\/consultoria\/#breadcrumb","itemListElement":[{"@type":"ListItem","position":1,"name":"Portada","item":"https:\/\/mentedespierta.es\/"},{"@type":"ListItem","position":2,"name":"Consultor\u00eda"}]},{"@type":"WebSite","@id":"https:\/\/mentedespierta.es\/#website","url":"https:\/\/mentedespierta.es\/","name":"Mente Despierta","description":"Gabinete Psicopedag\u00f3gico y Terapias Alternativas en Palencia","publisher":{"@id":"https:\/\/mentedespierta.es\/#organization"},"potentialAction":[{"@type":"SearchAction","target":{"@type":"EntryPoint","urlTemplate":"https:\/\/mentedespierta.es\/?s={search_term_string}"},"query-input":{"@type":"PropertyValueSpecification","valueRequired":true,"valueName":"search_term_string"}}],"inLanguage":"en-GB"},{"@type":"Organization","@id":"https:\/\/mentedespierta.es\/#organization","name":"Mente Despierta","url":"https:\/\/mentedespierta.es\/","logo":{"@type":"ImageObject","inLanguage":"en-GB","@id":"https:\/\/mentedespierta.es\/#\/schema\/logo\/image\/","url":"https:\/\/mentedespierta.es\/wp-content\/uploads\/2024\/08\/logo-final-1.png","contentUrl":"https:\/\/mentedespierta.es\/wp-content\/uploads\/2024\/08\/logo-final-1.png","width":1000,"height":1590,"caption":"Mente Despierta"},"image":{"@id":"https:\/\/mentedespierta.es\/#\/schema\/logo\/image\/"}}]}},"_links":{"self":[{"href":"https:\/\/mentedespierta.es\/en\/wp-json\/wp\/v2\/pages\/24","targetHints":{"allow":["GET"]}}],"collection":[{"href":"https:\/\/mentedespierta.es\/en\/wp-json\/wp\/v2\/pages"}],"about":[{"href":"https:\/\/mentedespierta.es\/en\/wp-json\/wp\/v2\/types\/page"}],"author":[{"embeddable":true,"href":"https:\/\/mentedespierta.es\/en\/wp-json\/wp\/v2\/users\/1"}],"replies":[{"embeddable":true,"href":"https:\/\/mentedespierta.es\/en\/wp-json\/wp\/v2\/comments?post=24"}],"version-history":[{"count":21,"href":"https:\/\/mentedespierta.es\/en\/wp-json\/wp\/v2\/pages\/24\/revisions"}],"predecessor-version":[{"id":1159,"href":"https:\/\/mentedespierta.es\/en\/wp-json\/wp\/v2\/pages\/24\/revisions\/1159"}],"wp:attachment":[{"href":"https:\/\/mentedespierta.es\/en\/wp-json\/wp\/v2\/media?parent=24"}],"curies":[{"name":"wp","href":"https:\/\/api.w.org\/{rel}","templated":true}]}}